{"id":1235,"date":"2026-01-16T21:56:32","date_gmt":"2026-01-16T20:56:32","guid":{"rendered":"https:\/\/unemeilleureversion.com\/?page_id=1235"},"modified":"2026-02-17T17:18:50","modified_gmt":"2026-02-17T16:18:50","slug":"%f0%9f%93%84-mentions-legales","status":"publish","type":"page","link":"https:\/\/unemeilleureversion.com\/?page_id=1235","title":{"rendered":"Mentions l\u00e9gales"},"content":{"rendered":"\n<p>En vigueur au 17\/02\/2026<\/p>\n\n\n\n<p>Conform\u00e9ment aux dispositions de la loi n\u00b02004-575 du 21 juin 2004 pour la Confiance en l\u2019\u00e9conomie num\u00e9rique, il est port\u00e9 \u00e0 la connaissance des utilisateurs et visiteurs, ci-apr\u00e8s l&rsquo; \u00ab\u00a0<strong>Utilisateur<\/strong>\u00ab\u00a0, du site unemeilleureversion.com , ci-apr\u00e8s le \u00ab\u00a0<strong>Site<\/strong>\u00ab\u00a0, les pr\u00e9sentes mentions l\u00e9gales.<\/p>\n\n\n\n<p>La connexion et la navigation sur le Site par l\u2019Utilisateur implique acceptation int\u00e9grale et sans r\u00e9serve des pr\u00e9sentes mentions l\u00e9gales.<\/p>\n\n\n\n<p>Ces derni\u00e8res sont accessibles sur le Site \u00e0 la rubrique \u00ab\u00a0<strong>Mentions l\u00e9gales<\/strong>\u00ab\u00a0.<\/p>\n\n\n\n<p><strong>EDITION DU SITE<\/strong><\/p>\n\n\n\n<p>L&rsquo;\u00e9dition du Site est assur\u00e9e par la soci\u00e9t\u00e9 Bos Jorris, Micro-entreprise au capital de 0 euros, immatricul\u00e9e au Registre du Commerce et des Soci\u00e9t\u00e9s de Metz sous le num\u00e9ro _______________ dont le si\u00e8ge social est situ\u00e9 au 8 Boucle des Pres 57970 Stuckange FRANCE,&nbsp;<\/p>\n\n\n\n<p>&gt; <strong>Num\u00e9ro de t\u00e9l\u00e9phone<\/strong> : 0631212013&nbsp;<\/p>\n\n\n\n<p>&gt; <strong>Adresse e-mail<\/strong> : unemeilleureversion@gmail.com.<\/p>\n\n\n\n<p>&gt; <strong>N\u00b0 de TVA intracommunautaire<\/strong> : _______________<\/p>\n\n\n\n<p>&gt; <strong>Directeur de la publication<\/strong> : Bos Jorris<\/p>\n\n\n\n<p>ci-apr\u00e8s l'\u00a0\u00bb<strong>Editeur<\/strong>\u00ab\u00a0.<\/p>\n\n\n\n<p><strong>HEBERGEUR<\/strong><\/p>\n\n\n\n<p>L&rsquo;h\u00e9bergeur du Site est la soci\u00e9t\u00e9 WordPress, dont le si\u00e8ge social est situ\u00e9 au&nbsp; 15 RUE DES HALLES 75001 Paris .&nbsp;<\/p>\n\n\n\n<p><strong>ACCES AU SITE<\/strong><\/p>\n\n\n\n<p>Le Site est normalement accessible, \u00e0 tout moment, \u00e0 l&rsquo;Utilisateur. Toutefois, l&rsquo;Editeur pourra, \u00e0 tout moment, suspendre, limiter ou interrompre le Site afin de proc\u00e9der, notamment, \u00e0 des mises \u00e0 jour ou des modifications de son contenu. L&rsquo;Editeur ne pourra en aucun cas \u00eatre tenu responsable des cons\u00e9quences \u00e9ventuelles de cette indisponibilit\u00e9 sur les activit\u00e9s de l&rsquo;Utilisateur.<\/p>\n\n\n\n<p><strong>COLLECTE DES DONNEES<\/strong><\/p>\n\n\n\n<p>Le Site assure \u00e0 l&rsquo;Utilisateur une collecte et un traitement des donn\u00e9es personnelles dans le respect de la vie priv\u00e9e conform\u00e9ment \u00e0 la loi n\u00b078-17 du 6 janvier 1978 relative \u00e0 l&rsquo;informatique, aux fichiers&nbsp; aux libert\u00e9s et dans le respect de la r\u00e8glementation applicable en mati\u00e8re de traitement des donn\u00e9es \u00e0 caract\u00e8re personnel conform\u00e9ment au r\u00e8glement (UE) 2016\/679 du Parlement europ\u00e9en et du Conseil du 27 avril 2016 (ci-apr\u00e8s, ensemble, la \u00ab\u00a0<strong>R\u00e8glementation applicable en mati\u00e8re de protection des Donn\u00e9es \u00e0 caract\u00e8re personnel<\/strong>\u00ab\u00a0).&nbsp;<\/p>\n\n\n\n<p>En vertu de la R\u00e8glementation applicable en mati\u00e8re de protection des Donn\u00e9es \u00e0 caract\u00e8re personnel, l&rsquo;Utilisateur dispose d&rsquo;un droit d&rsquo;acc\u00e8s, de rectification, de suppression et d&rsquo;opposition de ses donn\u00e9es personnelles. L&rsquo;Utilisateur peut exercer ce droit :<\/p>\n\n\n\n<ul class=\"wp-block-list\">\n<li>par mail \u00e0 l&rsquo;adresse email unemeilleureversion@gmail.com<\/li>\n<\/ul>\n\n\n\n<p>Toute utilisation, reproduction, diffusion, commercialisation, modification de toute ou partie du Site\ufeff, sans autorisation expresse de l\u2019Editeur est prohib\u00e9e et pourra entra\u00eener des actions et poursuites judiciaires telles que pr\u00e9vues par la r\u00e8glementation en vigueur.<\/p>\n\n\n\n<p>Pour plus d\u2019informations, se reporter aux CGV du site unemeilleureversion.com accessibles depuis la rubrique \u00ab\u00a0CGV\u00a0\u00bb .<\/p>\n\n\n\n<p><\/p>\n","protected":false},"excerpt":{"rendered":"<p>En vigueur au 17\/02\/2026 Conform\u00e9ment aux dispositions de la loi n\u00b02004-575 du 21 juin 2004 pour la Confiance en l\u2019\u00e9conomie num\u00e9rique, il est port\u00e9 \u00e0 la connaissance des utilisateurs et visiteurs, ci-apr\u00e8s l&rsquo; \u00ab\u00a0Utilisateur\u00ab\u00a0, du site unemeilleureversion.com , ci-apr\u00e8s le \u00ab\u00a0Site\u00ab\u00a0, les pr\u00e9sentes mentions l\u00e9gales. La connexion et la navigation sur le Site par l\u2019Utilisateur [&hellip;]<\/p>\n","protected":false},"author":1,"featured_media":0,"parent":0,"menu_order":0,"comment_status":"closed","ping_status":"closed","template":"","meta":{"footnotes":""},"class_list":["post-1235","page","type-page","status-publish","hentry"],"yoast_head":"<!-- This site is optimized with the Yoast SEO plugin v26.7 - https:\/\/yoast.com\/wordpress\/plugins\/seo\/ -->\n<title>Mentions l\u00e9gales - UMV Coaching<\/title>\n<meta name=\"robots\" content=\"index, follow, max-snippet:-1, max-image-preview:large, max-video-preview:-1\" \/>\n<link rel=\"canonical\" href=\"https:\/\/unemeilleureversion.com\/?page_id=1235\" \/>\n<meta property=\"og:locale\" content=\"fr_FR\" \/>\n<meta property=\"og:type\" content=\"article\" \/>\n<meta property=\"og:title\" content=\"Mentions l\u00e9gales - UMV Coaching\" \/>\n<meta property=\"og:description\" content=\"En vigueur au 17\/02\/2026 Conform\u00e9ment aux dispositions de la loi n\u00b02004-575 du 21 juin 2004 pour la Confiance en l\u2019\u00e9conomie num\u00e9rique, il est port\u00e9 \u00e0 la connaissance des utilisateurs et visiteurs, ci-apr\u00e8s l&rsquo; \u00ab\u00a0Utilisateur\u00ab\u00a0, du site unemeilleureversion.com , ci-apr\u00e8s le \u00ab\u00a0Site\u00ab\u00a0, les pr\u00e9sentes mentions l\u00e9gales. La connexion et la navigation sur le Site par l\u2019Utilisateur [&hellip;]\" \/>\n<meta property=\"og:url\" content=\"https:\/\/unemeilleureversion.com\/?page_id=1235\" \/>\n<meta property=\"og:site_name\" content=\"UMV Coaching\" \/>\n<meta property=\"article:publisher\" content=\"https:\/\/www.facebook.com\/profile.php?id=61558910956725\" \/>\n<meta property=\"article:modified_time\" content=\"2026-02-17T16:18:50+00:00\" \/>\n<meta property=\"og:image\" content=\"https:\/\/unemeilleureversion.com\/wp-content\/uploads\/2024\/05\/cropped-U.M.V-2-1.png\" \/>\n\t<meta property=\"og:image:width\" content=\"499\" \/>\n\t<meta property=\"og:image:height\" content=\"499\" \/>\n\t<meta property=\"og:image:type\" content=\"image\/png\" \/>\n<meta name=\"twitter:card\" content=\"summary_large_image\" \/>\n<meta name=\"twitter:label1\" content=\"Dur\u00e9e de lecture estim\u00e9e\" \/>\n\t<meta name=\"twitter:data1\" content=\"3 minutes\" \/>\n<script type=\"application\/ld+json\" class=\"yoast-schema-graph\">{\"@context\":\"https:\/\/schema.org\",\"@graph\":[{\"@type\":\"WebPage\",\"@id\":\"https:\/\/unemeilleureversion.com\/?page_id=1235\",\"url\":\"https:\/\/unemeilleureversion.com\/?page_id=1235\",\"name\":\"Mentions l\u00e9gales - UMV Coaching\",\"isPartOf\":{\"@id\":\"https:\/\/unemeilleureversion.com\/#website\"},\"datePublished\":\"2026-01-16T20:56:32+00:00\",\"dateModified\":\"2026-02-17T16:18:50+00:00\",\"breadcrumb\":{\"@id\":\"https:\/\/unemeilleureversion.com\/?page_id=1235#breadcrumb\"},\"inLanguage\":\"fr-FR\",\"potentialAction\":[{\"@type\":\"ReadAction\",\"target\":[\"https:\/\/unemeilleureversion.com\/?page_id=1235\"]}]},{\"@type\":\"BreadcrumbList\",\"@id\":\"https:\/\/unemeilleureversion.com\/?page_id=1235#breadcrumb\",\"itemListElement\":[{\"@type\":\"ListItem\",\"position\":1,\"name\":\"Accueil\",\"item\":\"https:\/\/unemeilleureversion.com\/\"},{\"@type\":\"ListItem\",\"position\":2,\"name\":\"Mentions l\u00e9gales\"}]},{\"@type\":\"WebSite\",\"@id\":\"https:\/\/unemeilleureversion.com\/#website\",\"url\":\"https:\/\/unemeilleureversion.com\/\",\"name\":\"Une Meilleure Version\",\"description\":\"Un accompagnement premium pour redevenir ma\u00eetre de ton corps\",\"publisher\":{\"@id\":\"https:\/\/unemeilleureversion.com\/#\/schema\/person\/865b1ca9780bd91679eaf1f990e685cf\"},\"alternateName\":\"UMV\",\"potentialAction\":[{\"@type\":\"SearchAction\",\"target\":{\"@type\":\"EntryPoint\",\"urlTemplate\":\"https:\/\/unemeilleureversion.com\/?s={search_term_string}\"},\"query-input\":{\"@type\":\"PropertyValueSpecification\",\"valueRequired\":true,\"valueName\":\"search_term_string\"}}],\"inLanguage\":\"fr-FR\"},{\"@type\":[\"Person\",\"Organization\"],\"@id\":\"https:\/\/unemeilleureversion.com\/#\/schema\/person\/865b1ca9780bd91679eaf1f990e685cf\",\"name\":\"AdminUMV\",\"image\":{\"@type\":\"ImageObject\",\"inLanguage\":\"fr-FR\",\"@id\":\"https:\/\/unemeilleureversion.com\/#\/schema\/person\/image\/\",\"url\":\"https:\/\/unemeilleureversion.com\/wp-content\/uploads\/2024\/05\/U.M.V-2.png\",\"contentUrl\":\"https:\/\/unemeilleureversion.com\/wp-content\/uploads\/2024\/05\/U.M.V-2.png\",\"width\":500,\"height\":500,\"caption\":\"AdminUMV\"},\"logo\":{\"@id\":\"https:\/\/unemeilleureversion.com\/#\/schema\/person\/image\/\"},\"description\":\"UMV_COACHING Coaching Sportif en ligne. Un accompagnement premium pour redevenir ma\u00eetre de ton corps ! D\u00e9couvre les deux offres disponibles.\",\"sameAs\":[\"http:\/\/unemeilleureversion.com\",\"https:\/\/www.facebook.com\/profile.php?id=61558910956725\",\"https:\/\/www.instagram.com\/unemeilleureversion\/\"]}]}<\/script>\n<!-- \/ Yoast SEO plugin. -->","yoast_head_json":{"title":"Mentions l\u00e9gales - UMV Coaching","robots":{"index":"index","follow":"follow","max-snippet":"max-snippet:-1","max-image-preview":"max-image-preview:large","max-video-preview":"max-video-preview:-1"},"canonical":"https:\/\/unemeilleureversion.com\/?page_id=1235","og_locale":"fr_FR","og_type":"article","og_title":"Mentions l\u00e9gales - UMV Coaching","og_description":"En vigueur au 17\/02\/2026 Conform\u00e9ment aux dispositions de la loi n\u00b02004-575 du 21 juin 2004 pour la Confiance en l\u2019\u00e9conomie num\u00e9rique, il est port\u00e9 \u00e0 la connaissance des utilisateurs et visiteurs, ci-apr\u00e8s l&rsquo; \u00ab\u00a0Utilisateur\u00ab\u00a0, du site unemeilleureversion.com , ci-apr\u00e8s le \u00ab\u00a0Site\u00ab\u00a0, les pr\u00e9sentes mentions l\u00e9gales. La connexion et la navigation sur le Site par l\u2019Utilisateur [&hellip;]","og_url":"https:\/\/unemeilleureversion.com\/?page_id=1235","og_site_name":"UMV Coaching","article_publisher":"https:\/\/www.facebook.com\/profile.php?id=61558910956725","article_modified_time":"2026-02-17T16:18:50+00:00","og_image":[{"width":499,"height":499,"url":"https:\/\/unemeilleureversion.com\/wp-content\/uploads\/2024\/05\/cropped-U.M.V-2-1.png","type":"image\/png"}],"twitter_card":"summary_large_image","twitter_misc":{"Dur\u00e9e de lecture estim\u00e9e":"3 minutes"},"schema":{"@context":"https:\/\/schema.org","@graph":[{"@type":"WebPage","@id":"https:\/\/unemeilleureversion.com\/?page_id=1235","url":"https:\/\/unemeilleureversion.com\/?page_id=1235","name":"Mentions l\u00e9gales - UMV Coaching","isPartOf":{"@id":"https:\/\/unemeilleureversion.com\/#website"},"datePublished":"2026-01-16T20:56:32+00:00","dateModified":"2026-02-17T16:18:50+00:00","breadcrumb":{"@id":"https:\/\/unemeilleureversion.com\/?page_id=1235#breadcrumb"},"inLanguage":"fr-FR","potentialAction":[{"@type":"ReadAction","target":["https:\/\/unemeilleureversion.com\/?page_id=1235"]}]},{"@type":"BreadcrumbList","@id":"https:\/\/unemeilleureversion.com\/?page_id=1235#breadcrumb","itemListElement":[{"@type":"ListItem","position":1,"name":"Accueil","item":"https:\/\/unemeilleureversion.com\/"},{"@type":"ListItem","position":2,"name":"Mentions l\u00e9gales"}]},{"@type":"WebSite","@id":"https:\/\/unemeilleureversion.com\/#website","url":"https:\/\/unemeilleureversion.com\/","name":"Une Meilleure Version","description":"Un accompagnement premium pour redevenir ma\u00eetre de ton corps","publisher":{"@id":"https:\/\/unemeilleureversion.com\/#\/schema\/person\/865b1ca9780bd91679eaf1f990e685cf"},"alternateName":"UMV","potentialAction":[{"@type":"SearchAction","target":{"@type":"EntryPoint","urlTemplate":"https:\/\/unemeilleureversion.com\/?s={search_term_string}"},"query-input":{"@type":"PropertyValueSpecification","valueRequired":true,"valueName":"search_term_string"}}],"inLanguage":"fr-FR"},{"@type":["Person","Organization"],"@id":"https:\/\/unemeilleureversion.com\/#\/schema\/person\/865b1ca9780bd91679eaf1f990e685cf","name":"AdminUMV","image":{"@type":"ImageObject","inLanguage":"fr-FR","@id":"https:\/\/unemeilleureversion.com\/#\/schema\/person\/image\/","url":"https:\/\/unemeilleureversion.com\/wp-content\/uploads\/2024\/05\/U.M.V-2.png","contentUrl":"https:\/\/unemeilleureversion.com\/wp-content\/uploads\/2024\/05\/U.M.V-2.png","width":500,"height":500,"caption":"AdminUMV"},"logo":{"@id":"https:\/\/unemeilleureversion.com\/#\/schema\/person\/image\/"},"description":"UMV_COACHING Coaching Sportif en ligne. Un accompagnement premium pour redevenir ma\u00eetre de ton corps ! D\u00e9couvre les deux offres disponibles.","sameAs":["http:\/\/unemeilleureversion.com","https:\/\/www.facebook.com\/profile.php?id=61558910956725","https:\/\/www.instagram.com\/unemeilleureversion\/"]}]}},"jetpack_sharing_enabled":true,"_links":{"self":[{"href":"https:\/\/unemeilleureversion.com\/index.php?rest_route=\/wp\/v2\/pages\/1235","targetHints":{"allow":["GET"]}}],"collection":[{"href":"https:\/\/unemeilleureversion.com\/index.php?rest_route=\/wp\/v2\/pages"}],"about":[{"href":"https:\/\/unemeilleureversion.com\/index.php?rest_route=\/wp\/v2\/types\/page"}],"author":[{"embeddable":true,"href":"https:\/\/unemeilleureversion.com\/index.php?rest_route=\/wp\/v2\/users\/1"}],"replies":[{"embeddable":true,"href":"https:\/\/unemeilleureversion.com\/index.php?rest_route=%2Fwp%2Fv2%2Fcomments&post=1235"}],"version-history":[{"count":2,"href":"https:\/\/unemeilleureversion.com\/index.php?rest_route=\/wp\/v2\/pages\/1235\/revisions"}],"predecessor-version":[{"id":1422,"href":"https:\/\/unemeilleureversion.com\/index.php?rest_route=\/wp\/v2\/pages\/1235\/revisions\/1422"}],"wp:attachment":[{"href":"https:\/\/unemeilleureversion.com\/index.php?rest_route=%2Fwp%2Fv2%2Fmedia&parent=1235"}],"curies":[{"name":"wp","href":"https:\/\/api.w.org\/{rel}","templated":true}]}}